{"id":271,"date":"2024-12-05T00:00:00","date_gmt":"2023-12-05T11:42:17","guid":{"rendered":"https:\/\/demo.webdigify.com\/WP01\/WP016_fitness\/?post_type=product&#038;p=271"},"modified":"2025-03-15T20:39:04","modified_gmt":"2025-03-15T20:39:04","slug":"xinzechen-compression-cycling-arm-sleeve-warmers","status":"publish","type":"product","link":"https:\/\/sensicoach.pl\/index.php\/product\/xinzechen-compression-cycling-arm-sleeve-warmers\/","title":{"rendered":"Ebook &#8220;Kettlebell for Yoga&#8221;"},"content":{"rendered":"<p>&nbsp;<\/p>\n<h3>O publikacji<\/h3>\n<p><span style=\"font-family: times new roman, serif;\">Autorski program, dzi\u0119ki kt\u00f3remu poznasz jak kszta\u0142towa\u0107 i wprowadza\u0107 elementy si\u0142owe do swojej praktyki i \u017cycia za pomoc\u0105 odwa\u017cnika kulowego kettlebell.\u00a0<\/span><span style=\"font-family: times new roman, serif;\">Ebook wprowadza Ci\u0119 w tajniki pracy nad: mobilno\u015bci\u0105, stabilno\u015bci\u0105 oraz si\u0142\u0105.<br \/>\n<\/span><span style=\"font-family: times new roman, serif;\">Do ebooka do\u0142\u0105czone s\u0105 nagrania, kt\u00f3re pozwol\u0105 Ci lepiej zrozumie\u0107 cz\u0119\u015b\u0107 praktyczn\u0105.\u00a0<\/span><\/p>\n<p><span style=\"font-family: times new roman, serif;\">Dlaczego warto kupi\u0107 e-booka?<br \/>\n<\/span><span style=\"font-family: times new roman, serif;\">E-book to wygodna i nowoczesna forma czytania, kt\u00f3ra \u0142\u0105czy w sobie komfort, oszcz\u0119dno\u015b\u0107 i dost\u0119p do wiedzy w zasi\u0119gu r\u0119ki.\u00a0<\/span><\/p>\n<p><span style=\"font-family: times new roman, serif;\">Zalety e-booka:<\/span><\/p>\n<p><span style=\"font-family: times new roman, serif;\">\u2705\u00a0Dost\u0119pno\u015b\u0107 24\/7\u00a0\u2013 Pobierz e-booka w kilka chwil i czytaj, kiedy tylko chcesz \u2013 na telefonie, tablecie, czytniku lub komputerze.<\/span><\/p>\n<p><span style=\"font-family: times new roman, serif;\">\u2705\u00a0Wygoda\u00a0\u2013 E-book zawiera filmiki instrukta\u017cowe, kt\u00f3re sprawi\u0105, \u017ce jeszcze \u0142atwiej zrozumiesz technik\u0119 wykonywanych \u0107wicze\u0144 z odwa\u017cnikami kettlebell. Ebook zawiera 1,5h om\u00f3wienie wszystkich najwa\u017cniejszych rzeczy strona po stronie.<\/span><\/p>\n<p><span style=\"font-family: times new roman, serif;\">\u2705\u00a0Plan treningowy &#8211; E-book zawiera plan treningowy, kt\u00f3ry pozwoli Ci od razu wdro\u017cy\u0107 now\u0105 wiedz\u0119 w praktyk\u0119.<\/span><\/p>\n<p><span style=\"font-family: times new roman, serif;\">\u2705\u00a0Poradnik &#8211; Dowiesz si\u0119 jakie odwa\u017cniki wybra\u0107 do domowej si\u0142owni, na jakie rzeczy warto zwr\u00f3ci\u0107 uwag\u0119.<\/span><\/p>\n<p><span style=\"font-family: times new roman, serif;\">\u2705\u00a0Wszechstronno\u015b\u0107 &#8211; E-book zawiera mn\u00f3stwo cennej wiedzy, kt\u00f3ra pozwoli Ci szybko zrozumie\u0107 sens treningu si\u0142owego.\u00a0<\/span><\/p>\n<p><span style=\"font-family: times new roman, serif;\">Kup e-booka ju\u017c dzi\u015b i zacznij trenowa\u0107 \u015bwiadomie z odwa\u017cnikami kettlebell.\u00a0<\/span><\/p>\n","protected":false},"excerpt":{"rendered":"<ul>\n<li><span style=\"font-family: times new roman, serif;\">Autorski program, dzi\u0119ki kt\u00f3remu poznasz jak kszta\u0142towa\u0107 i wprowadza\u0107 elementy si\u0142owe do swojej praktyki i \u017cycia za pomoc\u0105 odwa\u017cnika kulowego kettlebell.\u00a0<\/span><\/li>\n<li><span style=\"font-family: times new roman, serif;\">Ebook wprowadza Ci\u0119 w tajniki pracy nad: mobilno\u015bci\u0105, stabilno\u015bci\u0105 oraz si\u0142\u0105.<br \/>\n<\/span><\/li>\n<li><span style=\"font-family: times new roman, serif;\">Do ebooka do\u0142\u0105czone s\u0105 nagrania, kt\u00f3re pozwol\u0105 Ci lepiej zrozumie\u0107 cz\u0119\u015b\u0107 praktyczn\u0105.\u00a0<\/span><\/li>\n<\/ul>\n","protected":false},"featured_media":1063,"comment_status":"open","ping_status":"closed","template":"","meta":{"_bst_post_transparent":"default","_bst_post_title":"","_bst_post_layout":"default","_bst_post_sidebar_id":"","_bst_post_content_style":"default","_bst_post_vertical_padding":"default","_bst_post_feature":"","_bst_post_feature_position":"","_bst_post_header":false,"_bst_post_footer":false},"product_brand":[],"product_cat":[15],"product_tag":[],"product_brands":[],"class_list":{"0":"post-271","1":"product","2":"type-product","3":"status-publish","4":"has-post-thumbnail","6":"product_cat-uncategorized","8":"first","9":"instock","10":"featured","11":"downloadable","12":"virtual","13":"purchasable","14":"product-type-simple","15":"entry","16":"content-bg","17":"loop-entry"},"jetpack_sharing_enabled":true,"_links":{"self":[{"href":"https:\/\/sensicoach.pl\/index.php\/wp-json\/wp\/v2\/product\/271","targetHints":{"allow":["GET"]}}],"collection":[{"href":"https:\/\/sensicoach.pl\/index.php\/wp-json\/wp\/v2\/product"}],"about":[{"href":"https:\/\/sensicoach.pl\/index.php\/wp-json\/wp\/v2\/types\/product"}],"replies":[{"embeddable":true,"href":"https:\/\/sensicoach.pl\/index.php\/wp-json\/wp\/v2\/comments?post=271"}],"wp:featuredmedia":[{"embeddable":true,"href":"https:\/\/sensicoach.pl\/index.php\/wp-json\/wp\/v2\/media\/1063"}],"wp:attachment":[{"href":"https:\/\/sensicoach.pl\/index.php\/wp-json\/wp\/v2\/media?parent=271"}],"wp:term":[{"taxonomy":"product_brand","embeddable":true,"href":"https:\/\/sensicoach.pl\/index.php\/wp-json\/wp\/v2\/product_brand?post=271"},{"taxonomy":"product_cat","embeddable":true,"href":"https:\/\/sensicoach.pl\/index.php\/wp-json\/wp\/v2\/product_cat?post=271"},{"taxonomy":"product_tag","embeddable":true,"href":"https:\/\/sensicoach.pl\/index.php\/wp-json\/wp\/v2\/product_tag?post=271"},{"taxonomy":"product_brands","embeddable":true,"href":"https:\/\/sensicoach.pl\/index.php\/wp-json\/wp\/v2\/product_brands?post=271"}],"curies":[{"name":"wp","href":"https:\/\/api.w.org\/{rel}","templated":true}]}}